{"id":11,"date":"2021-12-18T00:16:56","date_gmt":"2021-12-17T21:16:56","guid":{"rendered":"http:\/\/www.kriptomedya.com\/?page_id=11"},"modified":"2022-10-11T17:35:42","modified_gmt":"2022-10-11T14:35:42","slug":"ana-sayfa","status":"publish","type":"page","link":"https:\/\/www.kriptomedya.com\/","title":{"rendered":"Kripto Medya"},"content":{"rendered":"\n<div class=\"wp-block-uagb-container uagb-block-78bacfc6 alignfull uagb-is-root-container\"><div class=\"uagb-container-inner-blocks-wrap\">\n<div class=\"wp-block-uagb-info-box uagb-block-9847a7f6 uagb-infobox__content-wrap  uagb-infobox-icon-above-title uagb-infobox-image-valign-top\"><div class=\"uagb-ifb-content\"><div class=\"uagb-ifb-title-wrap\"><span class=\"uagb-ifb-title-prefix\">UYGUN TASARIMLAR. UYGUN F\u0130YATLAR.<\/span><h1 class=\"uagb-ifb-title\">Sekt\u00f6re Uygun Tasar\u0131mlar, Uygun Fiyatland\u0131rma ve Memnuniyet<\/h1><\/div><p class=\"uagb-ifb-desc\">KR\u0130PTO MEDYA DANI\u015eMANLIK ONUR KALAV TARAFINDAN FREELANCE OLARAK WEB TASARIM, DOMAIN VE HOSTING H\u0130ZMETLER\u0130, SEO H\u0130ZMETLER\u0130, SOSYAL MEDYA DANI\u015eMANLI\u011eI, VIDEO KURGULAMA VE KURUMSAL K\u0130ML\u0130K \u00c7ALI\u015eMALARI YAPMAK \u00dcZERE OLU\u015eTURULMU\u015e B\u0130R MARKADIR.<\/p><div class=\"uagb-ifb-separator\"><\/div><\/div><\/div>\n\n\n\n<div class=\"wp-block-uagb-icon-list uagb-block-4b429816\"><div class=\"uagb-icon-list__wrap\">\n<div class=\"wp-block-uagb-icon-list-child uagb-block-0fc92aec\"><span class=\"uagb-icon-list__source-wrap\"><svg xmlns=\"https:\/\/www.w3.org\/2000\/svg\" viewBox=\"0 0 384 512\"><path d=\"M0 352c0 88.38 71.63 160 160 160h64c88.38 0 160-71.63 160-160V224H0V352zM176 0H160C71.63 0 0 71.62 0 160v32h176V0zM224 0h-16v192H384V160C384 71.62 312.4 0 224 0z\"><\/path><\/svg><\/span><span class=\"uagb-icon-list__label\">A\u015eA\u011eI KAYDIRIN<\/span><\/div>\n<\/div><\/div>\n<\/div><\/div>\n\n\n\n<div class=\"wp-block-uagb-container uagb-block-af5a9363 alignwide uagb-is-root-container\">\n<div class=\"wp-block-columns is-layout-flex wp-container-core-columns-is-layout-28f84493 wp-block-columns-is-layout-flex\">\n<div class=\"wp-block-column is-layout-flow wp-block-column-is-layout-flow\">\n<div class=\"wp-block-uagb-inline-notice uagb-inline_notice__align-left uagb-block-69560588\"><h4 class=\"uagb-notice-title\">Alan Ad\u0131 Sorgulay\u0131n<\/h4><div class=\"uagb-notice-text\"><p>Hayalinizdeki alan ad\u0131n\u0131n m\u00fcsait olup olmad\u0131\u011f\u0131n\u0131 sorgulayabilir ve detayl\u0131 bilgi i\u00e7in <a rel=\"noreferrer noopener\" href=\"https:\/\/www.kriptomedya.com\/index.php\/contact\/\" target=\"_blank\">bize ula\u015fabilirsiniz.<\/a><\/p><\/div><\/div>\n<\/div>\n\n\n\n<div class=\"wp-block-column is-layout-flow wp-block-column-is-layout-flow\"><div id=\"wp24-dc-1\" class=\"wp24-dc\"><\/div>\n<\/div>\n<\/div>\n<\/div>\n\n\n\n<div class=\"wp-block-uagb-container uag-blocks-common-selector uagb-block-f3781f5b alignfull uagb-is-root-container\"><div class=\"uagb-container-inner-blocks-wrap\">\n<div class=\"wp-block-uagb-container uagb-block-2974d587\">\n<div class=\"wp-block-uagb-info-box uagb-block-3d53e5f5 uagb-infobox__content-wrap  uagb-infobox-icon-above-title uagb-infobox-image-valign-top\"><div class=\"uagb-ifb-content\"><div class=\"uagb-ifb-title-wrap\"><h2 class=\"uagb-ifb-title\">HOST\u0130NG H\u0130ZMETLER\u0130M\u0130Z<\/h2><\/div><p class=\"uagb-ifb-desc\">Hem ucuz, hem y\u00fcksek performansl\u0131, hem de maksimum g\u00fcvenli&#8230;<br><\/p><\/div><\/div>\n<\/div>\n\n\n\n<figure class=\"wp-block-table is-style-regular has-medium-font-size\"><table class=\"has-ast-global-color-4-color has-ast-global-color-1-background-color has-text-color has-background has-pale-cyan-blue-border-color has-border-color\"><tbody><tr><td><strong>Linux Hosting<\/strong><\/td><td>Alfa \/ S\u00fcper \/ Mega \/ Deka<\/td><td><img loading=\"lazy\" decoding=\"async\" width=\"150\" height=\"101\" class=\"wp-image-693\" style=\"width: 150px;\" src=\"https:\/\/www.kriptomedya.com\/wp-content\/uploads\/2021\/12\/kriptomedya_linuxhosting.png\" alt=\"\" srcset=\"https:\/\/www.kriptomedya.com\/wp-content\/uploads\/2021\/12\/kriptomedya_linuxhosting.png 865w, https:\/\/www.kriptomedya.com\/wp-content\/uploads\/2021\/12\/kriptomedya_linuxhosting-300x203.png 300w, https:\/\/www.kriptomedya.com\/wp-content\/uploads\/2021\/12\/kriptomedya_linuxhosting-768x519.png 768w, https:\/\/www.kriptomedya.com\/wp-content\/uploads\/2021\/12\/kriptomedya_linuxhosting-600x405.png 600w\" sizes=\"auto, (max-width: 150px) 100vw, 150px\" \/><\/td><\/tr><tr><td><strong>WordPress Hosting<\/strong><\/td><td>WP 1 \/ WP 2 \/ WP 3 \/ WP 4<\/td><td><img loading=\"lazy\" decoding=\"async\" width=\"150\" height=\"101\" class=\"wp-image-765\" style=\"width: 150px;\" src=\"https:\/\/www.kriptomedya.com\/wp-content\/uploads\/2022\/10\/kriptomedya_wordpress.png\" alt=\"\" srcset=\"https:\/\/www.kriptomedya.com\/wp-content\/uploads\/2022\/10\/kriptomedya_wordpress.png 865w, https:\/\/www.kriptomedya.com\/wp-content\/uploads\/2022\/10\/kriptomedya_wordpress-300x203.png 300w, https:\/\/www.kriptomedya.com\/wp-content\/uploads\/2022\/10\/kriptomedya_wordpress-768x519.png 768w\" sizes=\"auto, (max-width: 150px) 100vw, 150px\" \/><\/td><\/tr><tr><td><strong>Kurumsal Hosting<\/strong><\/td><td>Eko \/ Kobi \/ Profesyonel<\/td><td><img loading=\"lazy\" decoding=\"async\" width=\"150\" height=\"104\" class=\"wp-image-767\" style=\"width: 150px;\" src=\"https:\/\/www.kriptomedya.com\/wp-content\/uploads\/2022\/10\/kurumsal_hosting.webp\" alt=\"\" srcset=\"https:\/\/www.kriptomedya.com\/wp-content\/uploads\/2022\/10\/kurumsal_hosting.webp 500w, https:\/\/www.kriptomedya.com\/wp-content\/uploads\/2022\/10\/kurumsal_hosting-300x208.webp 300w\" sizes=\"auto, (max-width: 150px) 100vw, 150px\" \/><\/td><\/tr><tr><td><strong>Windows Hosting<\/strong><\/td><td>Giri\u015f \/ Geli\u015fim \/ Platin \/ Pro<\/td><td><img loading=\"lazy\" decoding=\"async\" width=\"150\" height=\"101\" class=\"wp-image-768\" style=\"width: 150px;\" src=\"https:\/\/www.kriptomedya.com\/wp-content\/uploads\/2022\/10\/kriptomedya_windows.png\" alt=\"\" srcset=\"https:\/\/www.kriptomedya.com\/wp-content\/uploads\/2022\/10\/kriptomedya_windows.png 865w, https:\/\/www.kriptomedya.com\/wp-content\/uploads\/2022\/10\/kriptomedya_windows-300x203.png 300w, https:\/\/www.kriptomedya.com\/wp-content\/uploads\/2022\/10\/kriptomedya_windows-768x519.png 768w\" sizes=\"auto, (max-width: 150px) 100vw, 150px\" \/><\/td><\/tr><tr><td><strong>E-Ticaret Hosting<\/strong><\/td><td>K\u00fc\u00e7\u00fck \/ Orta \/ B\u00fcy\u00fck \/ Makro<\/td><td><img loading=\"lazy\" decoding=\"async\" width=\"120\" height=\"121\" class=\"wp-image-769\" style=\"width: 120px;\" src=\"https:\/\/www.kriptomedya.com\/wp-content\/uploads\/2022\/10\/eticaret.png\" alt=\"\" srcset=\"https:\/\/www.kriptomedya.com\/wp-content\/uploads\/2022\/10\/eticaret.png 550w, https:\/\/www.kriptomedya.com\/wp-content\/uploads\/2022\/10\/eticaret-297x300.png 297w, https:\/\/www.kriptomedya.com\/wp-content\/uploads\/2022\/10\/eticaret-150x150.png 150w\" sizes=\"auto, (max-width: 120px) 100vw, 120px\" \/><\/td><\/tr><tr><td><strong>Linux Reseller<\/strong><\/td><td>Lite \/ Res 1 \/ Res 2 \/ Res 3 \/ Res 4<\/td><td><img loading=\"lazy\" decoding=\"async\" width=\"120\" height=\"114\" class=\"wp-image-771\" style=\"width: 120px;\" src=\"https:\/\/www.kriptomedya.com\/wp-content\/uploads\/2022\/10\/reseller.png\" alt=\"\" srcset=\"https:\/\/www.kriptomedya.com\/wp-content\/uploads\/2022\/10\/reseller.png 1024w, https:\/\/www.kriptomedya.com\/wp-content\/uploads\/2022\/10\/reseller-300x285.png 300w, https:\/\/www.kriptomedya.com\/wp-content\/uploads\/2022\/10\/reseller-768x731.png 768w\" sizes=\"auto, (max-width: 120px) 100vw, 120px\" \/><\/td><\/tr><tr><td><strong>Dedicated Server<\/strong><\/td><td>SRV 1\/ SRV 2 \/ SRV 3 \/ SRV 4<\/td><td><img loading=\"lazy\" decoding=\"async\" width=\"150\" height=\"76\" class=\"wp-image-774\" style=\"width: 150px;\" src=\"https:\/\/www.kriptomedya.com\/wp-content\/uploads\/2022\/10\/kripto_dedicatedhosting.png\" alt=\"\" srcset=\"https:\/\/www.kriptomedya.com\/wp-content\/uploads\/2022\/10\/kripto_dedicatedhosting.png 977w, https:\/\/www.kriptomedya.com\/wp-content\/uploads\/2022\/10\/kripto_dedicatedhosting-300x152.png 300w, https:\/\/www.kriptomedya.com\/wp-content\/uploads\/2022\/10\/kripto_dedicatedhosting-768x390.png 768w\" sizes=\"auto, (max-width: 150px) 100vw, 150px\" \/><\/td><\/tr><tr><td><strong>Cloud VPS Sunucu<\/strong><\/td><td>VPS 1 \/ VPS 2 \/ VPS 3 \/ VPS 4<\/td><td><img loading=\"lazy\" decoding=\"async\" width=\"150\" height=\"91\" class=\"wp-image-775\" style=\"width: 150px;\" src=\"https:\/\/www.kriptomedya.com\/wp-content\/uploads\/2022\/10\/cloud_vps.png\" alt=\"\" srcset=\"https:\/\/www.kriptomedya.com\/wp-content\/uploads\/2022\/10\/cloud_vps.png 534w, https:\/\/www.kriptomedya.com\/wp-content\/uploads\/2022\/10\/cloud_vps-300x182.png 300w\" sizes=\"auto, (max-width: 150px) 100vw, 150px\" \/><\/td><\/tr><\/tbody><\/table><\/figure>\n\n\n\n<div class=\"wp-block-buttons is-layout-flex wp-block-buttons-is-layout-flex\"><\/div>\n\n\n\n<div class=\"wp-block-uagb-buttons uagb-buttons__outer-wrap uagb-btn__default-btn uagb-btn-tablet__default-btn uagb-btn-mobile__default-btn uagb-block-4bc835f9\"><div class=\"uagb-buttons__wrap uagb-buttons-layout-wrap\"><\/div><\/div>\n<\/div><\/div>\n\n\n\n<div class=\"wp-block-uagb-container uagb-block-a17ea5f2 alignfull uagb-is-root-container\"><div class=\"uagb-container-inner-blocks-wrap\">\n<div class=\"wp-block-uagb-info-box uagb-block-3e7e61c0 uagb-infobox__content-wrap  uagb-infobox-icon-above-title uagb-infobox-image-valign-top\"><div class=\"uagb-ifb-content\"><div class=\"uagb-ifb-title-wrap\"><span class=\"uagb-ifb-title-prefix\">NELER YAPIYORUZ?<\/span><h2 class=\"uagb-ifb-title\">\u00d6rnek \u00c7al\u0131\u015fmalar\u0131m\u0131z<\/h2><\/div><p class=\"uagb-ifb-desc\">\u00c7al\u0131\u015fmalar\u0131m\u0131zdan baz\u0131lar\u0131n\u0131 a\u015fa\u011f\u0131da g\u00f6rebilirsiniz.<\/p><\/div><\/div>\n<\/div><\/div>\n\n\n\n<div class=\"wp-block-uagb-container uagb-block-a7b43dd7 alignfull uagb-is-root-container\">\n<figure class=\"wp-block-gallery alignfull has-nested-images columns-3 is-cropped wp-block-gallery-1 is-layout-flex wp-block-gallery-is-layout-flex\">\n<figure class=\"wp-block-image size-full\"><a href=\"https:\/\/www.starkopekegitim.com\" target=\"_blank\" rel=\"noreferrer noopener\"><img loading=\"lazy\" decoding=\"async\" width=\"1902\" height=\"976\" data-id=\"736\" src=\"https:\/\/www.kriptomedya.com\/wp-content\/uploads\/2022\/10\/starkopekegitim.jpg\" alt=\"\" class=\"wp-image-736\" srcset=\"https:\/\/www.kriptomedya.com\/wp-content\/uploads\/2022\/10\/starkopekegitim.jpg 1902w, https:\/\/www.kriptomedya.com\/wp-content\/uploads\/2022\/10\/starkopekegitim-300x154.jpg 300w, https:\/\/www.kriptomedya.com\/wp-content\/uploads\/2022\/10\/starkopekegitim-1024x525.jpg 1024w, https:\/\/www.kriptomedya.com\/wp-content\/uploads\/2022\/10\/starkopekegitim-768x394.jpg 768w, https:\/\/www.kriptomedya.com\/wp-content\/uploads\/2022\/10\/starkopekegitim-1536x788.jpg 1536w, https:\/\/www.kriptomedya.com\/wp-content\/uploads\/2022\/10\/starkopekegitim-600x308.jpg 600w\" sizes=\"auto, (max-width: 1902px) 100vw, 1902px\" \/><\/a><\/figure>\n\n\n\n<figure class=\"wp-block-image size-full is-style-default\"><a href=\"https:\/\/onlinekopekegitim.com\/\" target=\"_blank\" rel=\"noreferrer noopener\"><img loading=\"lazy\" decoding=\"async\" width=\"1906\" height=\"955\" data-id=\"737\" src=\"https:\/\/www.kriptomedya.com\/wp-content\/uploads\/2022\/10\/online_kopekegitim.jpg\" alt=\"\" class=\"wp-image-737\" srcset=\"https:\/\/www.kriptomedya.com\/wp-content\/uploads\/2022\/10\/online_kopekegitim.jpg 1906w, https:\/\/www.kriptomedya.com\/wp-content\/uploads\/2022\/10\/online_kopekegitim-300x150.jpg 300w, https:\/\/www.kriptomedya.com\/wp-content\/uploads\/2022\/10\/online_kopekegitim-1024x513.jpg 1024w, https:\/\/www.kriptomedya.com\/wp-content\/uploads\/2022\/10\/online_kopekegitim-768x385.jpg 768w, https:\/\/www.kriptomedya.com\/wp-content\/uploads\/2022\/10\/online_kopekegitim-1536x770.jpg 1536w, https:\/\/www.kriptomedya.com\/wp-content\/uploads\/2022\/10\/online_kopekegitim-600x301.jpg 600w\" sizes=\"auto, (max-width: 1906px) 100vw, 1906px\" \/><\/a><\/figure>\n\n\n\n<figure class=\"wp-block-image size-full\"><a href=\"https:\/\/superisibungalow.com\/\" target=\"_blank\" rel=\"noreferrer noopener\"><img loading=\"lazy\" decoding=\"async\" width=\"1896\" height=\"956\" data-id=\"738\" src=\"https:\/\/www.kriptomedya.com\/wp-content\/uploads\/2022\/10\/superisibungalow.jpg\" alt=\"\" class=\"wp-image-738\" srcset=\"https:\/\/www.kriptomedya.com\/wp-content\/uploads\/2022\/10\/superisibungalow.jpg 1896w, https:\/\/www.kriptomedya.com\/wp-content\/uploads\/2022\/10\/superisibungalow-300x151.jpg 300w, https:\/\/www.kriptomedya.com\/wp-content\/uploads\/2022\/10\/superisibungalow-1024x516.jpg 1024w, https:\/\/www.kriptomedya.com\/wp-content\/uploads\/2022\/10\/superisibungalow-768x387.jpg 768w, https:\/\/www.kriptomedya.com\/wp-content\/uploads\/2022\/10\/superisibungalow-1536x774.jpg 1536w, https:\/\/www.kriptomedya.com\/wp-content\/uploads\/2022\/10\/superisibungalow-600x303.jpg 600w\" sizes=\"auto, (max-width: 1896px) 100vw, 1896px\" \/><\/a><\/figure>\n\n\n\n<figure class=\"wp-block-image size-full\"><a href=\"https:\/\/zuhalbereketbas.av.tr\" target=\"_blank\" rel=\"noreferrer noopener\"><img loading=\"lazy\" decoding=\"async\" width=\"1886\" height=\"948\" data-id=\"740\" src=\"https:\/\/www.kriptomedya.com\/wp-content\/uploads\/2022\/10\/zuhalbereketbas.jpg\" alt=\"\" class=\"wp-image-740\" srcset=\"https:\/\/www.kriptomedya.com\/wp-content\/uploads\/2022\/10\/zuhalbereketbas.jpg 1886w, https:\/\/www.kriptomedya.com\/wp-content\/uploads\/2022\/10\/zuhalbereketbas-300x151.jpg 300w, https:\/\/www.kriptomedya.com\/wp-content\/uploads\/2022\/10\/zuhalbereketbas-1024x515.jpg 1024w, https:\/\/www.kriptomedya.com\/wp-content\/uploads\/2022\/10\/zuhalbereketbas-768x386.jpg 768w, https:\/\/www.kriptomedya.com\/wp-content\/uploads\/2022\/10\/zuhalbereketbas-1536x772.jpg 1536w, https:\/\/www.kriptomedya.com\/wp-content\/uploads\/2022\/10\/zuhalbereketbas-600x302.jpg 600w\" sizes=\"auto, (max-width: 1886px) 100vw, 1886px\" \/><\/a><\/figure>\n\n\n\n<figure class=\"wp-block-image size-full\"><a href=\"https:\/\/anityacavehouse.com\/\" target=\"_blank\" rel=\"noreferrer noopener\"><img loading=\"lazy\" decoding=\"async\" width=\"1908\" height=\"970\" data-id=\"741\" src=\"https:\/\/www.kriptomedya.com\/wp-content\/uploads\/2022\/10\/anityacavehouse.jpg\" alt=\"\" class=\"wp-image-741\" srcset=\"https:\/\/www.kriptomedya.com\/wp-content\/uploads\/2022\/10\/anityacavehouse.jpg 1908w, https:\/\/www.kriptomedya.com\/wp-content\/uploads\/2022\/10\/anityacavehouse-300x153.jpg 300w, https:\/\/www.kriptomedya.com\/wp-content\/uploads\/2022\/10\/anityacavehouse-1024x521.jpg 1024w, https:\/\/www.kriptomedya.com\/wp-content\/uploads\/2022\/10\/anityacavehouse-768x390.jpg 768w, https:\/\/www.kriptomedya.com\/wp-content\/uploads\/2022\/10\/anityacavehouse-1536x781.jpg 1536w, https:\/\/www.kriptomedya.com\/wp-content\/uploads\/2022\/10\/anityacavehouse-600x305.jpg 600w\" sizes=\"auto, (max-width: 1908px) 100vw, 1908px\" \/><\/a><\/figure>\n\n\n\n<figure class=\"wp-block-image size-full\"><a href=\"https:\/\/www.kriptomedya.com\/wp-content\/uploads\/2022\/10\/idea.jpg\" target=\"_blank\" rel=\"noreferrer noopener\"><img loading=\"lazy\" decoding=\"async\" width=\"1889\" height=\"962\" data-id=\"742\" src=\"https:\/\/www.kriptomedya.com\/wp-content\/uploads\/2022\/10\/idea.jpg\" alt=\"\" class=\"wp-image-742\" srcset=\"https:\/\/www.kriptomedya.com\/wp-content\/uploads\/2022\/10\/idea.jpg 1889w, https:\/\/www.kriptomedya.com\/wp-content\/uploads\/2022\/10\/idea-300x153.jpg 300w, https:\/\/www.kriptomedya.com\/wp-content\/uploads\/2022\/10\/idea-1024x521.jpg 1024w, https:\/\/www.kriptomedya.com\/wp-content\/uploads\/2022\/10\/idea-768x391.jpg 768w, https:\/\/www.kriptomedya.com\/wp-content\/uploads\/2022\/10\/idea-1536x782.jpg 1536w, https:\/\/www.kriptomedya.com\/wp-content\/uploads\/2022\/10\/idea-600x306.jpg 600w\" sizes=\"auto, (max-width: 1889px) 100vw, 1889px\" \/><\/a><\/figure>\n<\/figure>\n<\/div>\n\n\n\n<div class=\"wp-block-uagb-container uagb-block-1c4ed461 alignfull uagb-is-root-container\"><div class=\"uagb-container-inner-blocks-wrap\">\n<div class=\"wp-block-uagb-info-box uagb-block-ba44cedd uagb-infobox__content-wrap  uagb-infobox-icon-above-title uagb-infobox-image-valign-top\"><div class=\"uagb-ifb-content\"><div class=\"uagb-ifb-title-wrap\"><\/div><p class=\"uagb-ifb-desc\"><strong>Bizimle ileti\u015fim ve i\u015f birli\u011fi i\u00e7in a\u015fa\u011f\u0131daki alana t\u0131klayarak irtibat kurabilirsiniz.<\/strong><\/p><div class=\"uagb-ifb-button-wrapper wp-block-button\"><a href=\"https:\/\/www.kriptomedya.com\/index.php\/contact\/\" class=\"uagb-infobox-cta-link wp-block-button__link\" target=\"_blank\" rel=\"noopener noreferrer\" alt=\"\"><span class=\"uagb-inline-editing\">\u0130\u015f Birli\u011fi \u0130\u00e7in T\u0131klay\u0131n<\/span><svg xmlns=\"https:\/\/www.w3.org\/2000\/svg\" viewBox=\"0 0 512 512\"><path d=\"M504.3 273.6l-112.1 104c-6.992 6.484-17.18 8.218-25.94 4.406c-8.758-3.812-14.42-12.45-14.42-21.1L351.9 288H32C14.33 288 .0002 273.7 .0002 255.1S14.33 224 32 224h319.9l0-72c0-9.547 5.66-18.19 14.42-22c8.754-3.809 18.95-2.075 25.94 4.41l112.1 104C514.6 247.9 514.6 264.1 504.3 273.6z\"><\/path><\/svg><\/a><\/div><\/div><\/div>\n<\/div><\/div>\n","protected":false},"excerpt":{"rendered":"<p>Linux Hosting Alfa \/ S\u00fcper \/ Mega \/ Deka WordPress Hosting WP 1 \/ WP 2 \/ WP 3 \/ WP 4 Kurumsal Hosting Eko \/ Kobi \/ Profesyonel Windows Hosting Giri\u015f \/ Geli\u015fim \/ Platin \/ Pro E-Ticaret Hosting K\u00fc\u00e7\u00fck \/ Orta \/ B\u00fcy\u00fck \/ Makro Linux Reseller Lite \/ Res 1 \/ Res [&hellip;]<\/p>\n","protected":false},"author":1,"featured_media":0,"parent":0,"menu_order":0,"comment_status":"closed","ping_status":"closed","template":"","meta":{"_uag_custom_page_level_css":"","site-sidebar-layout":"default","site-content-layout":"","ast-site-content-layout":"","site-content-style":"default","site-sidebar-style":"default","ast-global-header-display":"","ast-banner-title-visibility":"","ast-main-header-display":"","ast-hfb-above-header-display":"","ast-hfb-below-header-display":"","ast-hfb-mobile-header-display":"","site-post-title":"disabled","ast-breadcrumbs-content":"","ast-featured-img":"","footer-sml-layout":"","theme-transparent-header-meta":"","adv-header-id-meta":"","stick-header-meta":"","header-above-stick-meta":"","header-main-stick-meta":"","header-below-stick-meta":"","astra-migrate-meta-layouts":"default","ast-page-background-enabled":"default","ast-page-background-meta":{"desktop":{"background-color":"var(--ast-global-color-4)","background-image":"","background-repeat":"repeat","background-position":"center center","background-size":"auto","background-attachment":"scroll","background-type":"","background-media":"","overlay-type":"","overlay-color":"","overlay-opacity":"","overlay-gradient":""},"tablet":{"background-color":"","background-image":"","background-repeat":"repeat","background-position":"center center","background-size":"auto","background-attachment":"scroll","background-type":"","background-media":"","overlay-type":"","overlay-color":"","overlay-opacity":"","overlay-gradient":""},"mobile":{"background-color":"","background-image":"","background-repeat":"repeat","background-position":"center center","background-size":"auto","background-attachment":"scroll","background-type":"","background-media":"","overlay-type":"","overlay-color":"","overlay-opacity":"","overlay-gradient":""}},"ast-content-background-meta":{"desktop":{"background-color":"var(--ast-global-color-5)","background-image":"","background-repeat":"repeat","background-position":"center center","background-size":"auto","background-attachment":"scroll","background-type":"","background-media":"","overlay-type":"","overlay-color":"","overlay-opacity":"","overlay-gradient":""},"tablet":{"background-color":"var(--ast-global-color-5)","background-image":"","background-repeat":"repeat","background-position":"center center","background-size":"auto","background-attachment":"scroll","background-type":"","background-media":"","overlay-type":"","overlay-color":"","overlay-opacity":"","overlay-gradient":""},"mobile":{"background-color":"var(--ast-global-color-5)","background-image":"","background-repeat":"repeat","background-position":"center center","background-size":"auto","background-attachment":"scroll","background-type":"","background-media":"","overlay-type":"","overlay-color":"","overlay-opacity":"","overlay-gradient":""}},"footnotes":""},"class_list":["post-11","page","type-page","status-publish","hentry"],"uagb_featured_image_src":{"full":false,"thumbnail":false,"medium":false,"medium_large":false,"large":false,"1536x1536":false,"2048x2048":false},"uagb_author_info":{"display_name":"admin","author_link":"https:\/\/www.kriptomedya.com\/index.php\/author\/admin\/"},"uagb_comment_info":0,"uagb_excerpt":"Linux Hosting Alfa \/ S\u00fcper \/ Mega \/ Deka WordPress Hosting WP 1 \/ WP 2 \/ WP 3 \/ WP 4 Kurumsal Hosting Eko \/ Kobi \/ Profesyonel Windows Hosting Giri\u015f \/ Geli\u015fim \/ Platin \/ Pro E-Ticaret Hosting K\u00fc\u00e7\u00fck \/ Orta \/ B\u00fcy\u00fck \/ Makro Linux Reseller Lite \/ Res 1 \/ Res&hellip;","_links":{"self":[{"href":"https:\/\/www.kriptomedya.com\/index.php\/wp-json\/wp\/v2\/pages\/11","targetHints":{"allow":["GET"]}}],"collection":[{"href":"https:\/\/www.kriptomedya.com\/index.php\/wp-json\/wp\/v2\/pages"}],"about":[{"href":"https:\/\/www.kriptomedya.com\/index.php\/wp-json\/wp\/v2\/types\/page"}],"author":[{"embeddable":true,"href":"https:\/\/www.kriptomedya.com\/index.php\/wp-json\/wp\/v2\/users\/1"}],"replies":[{"embeddable":true,"href":"https:\/\/www.kriptomedya.com\/index.php\/wp-json\/wp\/v2\/comments?post=11"}],"version-history":[{"count":128,"href":"https:\/\/www.kriptomedya.com\/index.php\/wp-json\/wp\/v2\/pages\/11\/revisions"}],"predecessor-version":[{"id":1006,"href":"https:\/\/www.kriptomedya.com\/index.php\/wp-json\/wp\/v2\/pages\/11\/revisions\/1006"}],"wp:attachment":[{"href":"https:\/\/www.kriptomedya.com\/index.php\/wp-json\/wp\/v2\/media?parent=11"}],"curies":[{"name":"wp","href":"https:\/\/api.w.org\/{rel}","templated":true}]}}